{"id":321,"date":"2024-09-10T14:47:28","date_gmt":"2024-09-10T14:47:28","guid":{"rendered":"https:\/\/tennisyou.hilldevelop.com\/?page_id=321"},"modified":"2024-12-02T13:43:15","modified_gmt":"2024-12-02T13:43:15","slug":"politicas-de-privacidad","status":"publish","type":"page","link":"https:\/\/tennisyou.com\/en\/politicas-de-privacidad\/","title":{"rendered":"PRIVACY POLICY"},"content":{"rendered":"<div data-elementor-type=\"wp-page\" data-elementor-id=\"321\" class=\"elementor elementor-321\" data-elementor-post-type=\"page\">\n\t\t\t\t<div class=\"elementor-element elementor-element-a9ca384 e-flex e-con-boxed e-con e-parent\" data-id=\"a9ca384\" data-element_type=\"container\" data-settings=\"{&quot;background_background&quot;:&quot;classic&quot;}\">\n\t\t\t\t\t<div class=\"e-con-inner\">\n\t\t<div class=\"elementor-element elementor-element-5c3fcab e-con-full e-flex e-con e-child\" data-id=\"5c3fcab\" data-element_type=\"container\">\n\t\t<div class=\"elementor-element elementor-element-954b80c e-con-full e-flex e-con e-child\" data-id=\"954b80c\" data-element_type=\"container\">\n\t\t\t\t<div class=\"elementor-element elementor-element-064da99 elementor-widget elementor-widget-heading\" data-id=\"064da99\" data-element_type=\"widget\" data-widget_type=\"heading.default\">\n\t\t\t\t<div class=\"elementor-widget-container\">\n\t\t\t<h1 class=\"elementor-heading-title elementor-size-default\">PRIVACY POLICY<\/h1>\t\t<\/div>\n\t\t\t\t<\/div>\n\t\t\t\t<\/div>\n\t\t\t\t<\/div>\n\t\t\t\t\t<\/div>\n\t\t\t\t<\/div>\n\t\t<div class=\"elementor-element elementor-element-dea8962 e-con-full e-flex e-con e-child\" data-id=\"dea8962\" data-element_type=\"container\">\n\t\t\t\t<div class=\"elementor-element elementor-element-c221421 elementor-widget-divider--view-line elementor-widget elementor-widget-divider\" data-id=\"c221421\" data-element_type=\"widget\" data-widget_type=\"divider.default\">\n\t\t\t\t<div class=\"elementor-widget-container\">\n\t\t\t\t\t<div class=\"elementor-divider\">\n\t\t\t<span class=\"elementor-divider-separator\">\n\t\t\t\t\t\t<\/span>\n\t\t<\/div>\n\t\t\t\t<\/div>\n\t\t\t\t<\/div>\n\t\t\t\t<div class=\"elementor-element elementor-element-0176da3 elementor-widget elementor-widget-heading\" data-id=\"0176da3\" data-element_type=\"widget\" data-widget_type=\"heading.default\">\n\t\t\t\t<div class=\"elementor-widget-container\">\n\t\t\t<h2 class=\"elementor-heading-title elementor-size-default\">PRIVACY POLICY<\/h2>\t\t<\/div>\n\t\t\t\t<\/div>\n\t\t\t\t<div class=\"elementor-element elementor-element-c98bd41 elementor-widget elementor-widget-text-editor\" data-id=\"c98bd41\" data-element_type=\"widget\" data-widget_type=\"text-editor.default\">\n\t\t\t\t<div class=\"elementor-widget-container\">\n\t\t\t\t\t\t\t<p>DATA PROTECTION<\/p>\n<p>Pursuant to Organic Law 15\/1999, on the protection of personal data, you are warned that your personal data will be included in a file whose owner and controller is Tennis You.<\/p>\n<p>The purpose of processing your data will be the commercial management of our clients, billing and the provision of our professional services, as well as sending communications about news, promotions, offers and discounts that may be of interest to you.<\/p>\n<p>You may exercise your rights of access, rectification, opposition and\/or cancellation of your data by writing to Tennis You, Barrio Arriaga 14, DR, 48650, Barrica, Vizcaya, Spain, or by Mail: tomy@tennisyou.com&nbsp;<\/p>\n<p>E-MAIL CLAUSE<\/p>\n<p>The information contained in this message and, where applicable, in its attached files, is intended exclusively for its recipient. Its content may be confidential, so no person other than the recipient is authorized to copy, distribute or act based on its content.<\/p>\n<p>We inform you of the existence of a personal data file created by Tennis You, Barrio Arriga 14, 48650, Barrica, Vizcaya, Spain, under its responsibility, in order to offer you our services. If you do not wish to receive more information or want to exercise your rights of access, rectification, opposition or cancellation of your data in accordance with the L.O. 15\/1999, of December 13, on the protection of personal data, you can notify us at the address indicated above or send us an email with the word \u201cUnsubscribe\u201d in its title.<\/p>\t\t\t\t\t\t<\/div>\n\t\t\t\t<\/div>\n\t\t\t\t<\/div>\n\t\t\t\t<\/div>","protected":false},"excerpt":{"rendered":"<p>POL\u00cdTICAS DE PRIVACIDAD POL\u00cdTICAS DE PRIVACIDAD PROTECCI\u00d3N DE DATOS En virtud de la ley org\u00e1nica 15\/1999, de protecci\u00f3n de datos car\u00e1cter personal, se le advierte que sus datos personales se incluir\u00e1n en un fichero cuyo titular y responsable es Tennis You. La finalidad del tratamiento de sus datos ser\u00e1 la gesti\u00f3n comercial de nuestros clientes, [&hellip;]<\/p>","protected":false},"author":1,"featured_media":0,"parent":0,"menu_order":0,"comment_status":"closed","ping_status":"closed","template":"elementor_header_footer","meta":{"footnotes":""},"class_list":["post-321","page","type-page","status-publish","hentry"],"_links":{"self":[{"href":"https:\/\/tennisyou.com\/en\/wp-json\/wp\/v2\/pages\/321","targetHints":{"allow":["GET"]}}],"collection":[{"href":"https:\/\/tennisyou.com\/en\/wp-json\/wp\/v2\/pages"}],"about":[{"href":"https:\/\/tennisyou.com\/en\/wp-json\/wp\/v2\/types\/page"}],"author":[{"embeddable":true,"href":"https:\/\/tennisyou.com\/en\/wp-json\/wp\/v2\/users\/1"}],"replies":[{"embeddable":true,"href":"https:\/\/tennisyou.com\/en\/wp-json\/wp\/v2\/comments?post=321"}],"version-history":[{"count":16,"href":"https:\/\/tennisyou.com\/en\/wp-json\/wp\/v2\/pages\/321\/revisions"}],"predecessor-version":[{"id":871,"href":"https:\/\/tennisyou.com\/en\/wp-json\/wp\/v2\/pages\/321\/revisions\/871"}],"wp:attachment":[{"href":"https:\/\/tennisyou.com\/en\/wp-json\/wp\/v2\/media?parent=321"}],"curies":[{"name":"wp","href":"https:\/\/api.w.org\/{rel}","templated":true}]}}