{"id":311,"date":"2024-09-10T14:35:37","date_gmt":"2024-09-10T14:35:37","guid":{"rendered":"https:\/\/tennisyou.hilldevelop.com\/?page_id=311"},"modified":"2024-11-08T17:09:32","modified_gmt":"2024-11-08T17:09:32","slug":"galeria","status":"publish","type":"page","link":"https:\/\/tennisyou.com\/en\/galeria\/","title":{"rendered":"Gallery"},"content":{"rendered":"<div data-elementor-type=\"wp-page\" data-elementor-id=\"311\" class=\"elementor elementor-311\" data-elementor-post-type=\"page\">\n\t\t\t\t<div class=\"elementor-element elementor-element-09d1d29 e-flex e-con-boxed e-con e-parent\" data-id=\"09d1d29\" data-element_type=\"container\" data-settings=\"{&quot;background_background&quot;:&quot;classic&quot;}\">\n\t\t\t\t\t<div class=\"e-con-inner\">\n\t\t<div class=\"elementor-element elementor-element-ab27582 e-con-full e-flex e-con e-child\" data-id=\"ab27582\" data-element_type=\"container\">\n\t\t<div class=\"elementor-element elementor-element-a580460 e-con-full e-flex e-con e-child\" data-id=\"a580460\" data-element_type=\"container\">\n\t\t\t\t<div class=\"elementor-element elementor-element-81f0e11 elementor-widget elementor-widget-heading\" data-id=\"81f0e11\" data-element_type=\"widget\" data-widget_type=\"heading.default\">\n\t\t\t\t<div class=\"elementor-widget-container\">\n\t\t\t<h1 class=\"elementor-heading-title elementor-size-default\">GALLERY<\/h1>\t\t<\/div>\n\t\t\t\t<\/div>\n\t\t\t\t<div class=\"elementor-element elementor-element-688c4e9 elementor-widget elementor-widget-text-editor\" data-id=\"688c4e9\" data-element_type=\"widget\" data-widget_type=\"text-editor.default\">\n\t\t\t\t<div class=\"elementor-widget-container\">\n\t\t\t\t\t\t\t<p>Find through our photos and videos memories of activities conducted by <span class=\"tipografi\"><strong>TENNIS YOU<\/strong><\/span> as well as testimonials from people satisfied with our services.<\/p>\t\t\t\t\t\t<\/div>\n\t\t\t\t<\/div>\n\t\t\t\t<\/div>\n\t\t<div class=\"elementor-element elementor-element-1c6119e e-con-full e-flex e-con e-child\" data-id=\"1c6119e\" data-element_type=\"container\">\n\t\t\t\t<\/div>\n\t\t\t\t<\/div>\n\t\t\t\t\t<\/div>\n\t\t\t\t<\/div>\n\t\t<div class=\"elementor-element elementor-element-19f2a47 e-flex e-con-boxed e-con e-parent\" data-id=\"19f2a47\" data-element_type=\"container\">\n\t\t\t\t\t<div class=\"e-con-inner\">\n\t\t\t\t<div class=\"elementor-element elementor-element-fe92690 elementor-widget-divider--view-line elementor-widget elementor-widget-divider\" data-id=\"fe92690\" data-element_type=\"widget\" data-widget_type=\"divider.default\">\n\t\t\t\t<div class=\"elementor-widget-container\">\n\t\t\t\t\t<div class=\"elementor-divider\">\n\t\t\t<span class=\"elementor-divider-separator\">\n\t\t\t\t\t\t<\/span>\n\t\t<\/div>\n\t\t\t\t<\/div>\n\t\t\t\t<\/div>\n\t\t\t\t<div class=\"elementor-element elementor-element-d8389df elementor-widget elementor-widget-heading\" data-id=\"d8389df\" data-element_type=\"widget\" data-widget_type=\"heading.default\">\n\t\t\t\t<div class=\"elementor-widget-container\">\n\t\t\t<h2 class=\"elementor-heading-title elementor-size-default\">GALERIA DE FOTOS &amp; VIDEOS<\/h2>\t\t<\/div>\n\t\t\t\t<\/div>\n\t\t\t\t\t<\/div>\n\t\t\t\t<\/div>\n\t\t<div class=\"elementor-element elementor-element-7dca42a e-flex e-con-boxed e-con e-parent\" data-id=\"7dca42a\" data-element_type=\"container\">\n\t\t\t\t\t<div class=\"e-con-inner\">\n\t\t\t\t<div class=\"elementor-element elementor-element-137cac4 gallery-spacing-custom elementor-widget-tablet__width-inherit elementor-widget elementor-widget-image-gallery\" data-id=\"137cac4\" data-element_type=\"widget\" data-widget_type=\"image-gallery.default\">\n\t\t\t\t<div class=\"elementor-widget-container\">\n\t\t\t\t\t<div class=\"elementor-image-gallery\">\n\t\t\t<div id='gallery-1' class='gallery galleryid-311 gallery-columns-3 gallery-size-full'><figure class='gallery-item'>\n\t\t\t<div class='gallery-icon landscape'>\n\t\t\t\t<a data-elementor-open-lightbox=\"yes\" data-elementor-lightbox-slideshow=\"137cac4\" data-elementor-lightbox-title=\"Rectangle 3\" data-e-action-hash=\"#elementor-action%3Aaction%3Dlightbox%26settings%3DeyJpZCI6MTEzLCJ1cmwiOiJodHRwczpcL1wvdGVubmlzeW91LmNvbVwvd3AtY29udGVudFwvdXBsb2Fkc1wvMjAyNFwvMDlcL1JlY3RhbmdsZS0zLnBuZyIsInNsaWRlc2hvdyI6IjEzN2NhYzQifQ%3D%3D\" href='https:\/\/tennisyou.com\/wp-content\/uploads\/2024\/09\/Rectangle-3.png'><img fetchpriority=\"high\" decoding=\"async\" width=\"339\" height=\"238\" src=\"https:\/\/tennisyou.com\/wp-content\/uploads\/2024\/09\/Rectangle-3.png\" class=\"attachment-full size-full\" alt=\"\" srcset=\"https:\/\/tennisyou.com\/wp-content\/uploads\/2024\/09\/Rectangle-3.png 339w, https:\/\/tennisyou.com\/wp-content\/uploads\/2024\/09\/Rectangle-3-300x211.png 300w\" sizes=\"(max-width: 339px) 100vw, 339px\" \/><\/a>\n\t\t\t<\/div><\/figure><figure class='gallery-item'>\n\t\t\t<div class='gallery-icon landscape'>\n\t\t\t\t<a data-elementor-open-lightbox=\"yes\" data-elementor-lightbox-slideshow=\"137cac4\" data-elementor-lightbox-title=\"Rectangle 3-1\" data-e-action-hash=\"#elementor-action%3Aaction%3Dlightbox%26settings%3DeyJpZCI6MTExLCJ1cmwiOiJodHRwczpcL1wvdGVubmlzeW91LmNvbVwvd3AtY29udGVudFwvdXBsb2Fkc1wvMjAyNFwvMDlcL1JlY3RhbmdsZS0zLTEucG5nIiwic2xpZGVzaG93IjoiMTM3Y2FjNCJ9\" href='https:\/\/tennisyou.com\/wp-content\/uploads\/2024\/09\/Rectangle-3-1.png'><img decoding=\"async\" width=\"339\" height=\"238\" src=\"https:\/\/tennisyou.com\/wp-content\/uploads\/2024\/09\/Rectangle-3-1.png\" class=\"attachment-full size-full\" alt=\"\" srcset=\"https:\/\/tennisyou.com\/wp-content\/uploads\/2024\/09\/Rectangle-3-1.png 339w, https:\/\/tennisyou.com\/wp-content\/uploads\/2024\/09\/Rectangle-3-1-300x211.png 300w\" sizes=\"(max-width: 339px) 100vw, 339px\" \/><\/a>\n\t\t\t<\/div><\/figure><figure class='gallery-item'>\n\t\t\t<div class='gallery-icon landscape'>\n\t\t\t\t<a data-elementor-open-lightbox=\"yes\" data-elementor-lightbox-slideshow=\"137cac4\" data-elementor-lightbox-title=\"Rectangle 3-2\" data-e-action-hash=\"#elementor-action%3Aaction%3Dlightbox%26settings%3DeyJpZCI6MTEyLCJ1cmwiOiJodHRwczpcL1wvdGVubmlzeW91LmNvbVwvd3AtY29udGVudFwvdXBsb2Fkc1wvMjAyNFwvMDlcL1JlY3RhbmdsZS0zLTIucG5nIiwic2xpZGVzaG93IjoiMTM3Y2FjNCJ9\" href='https:\/\/tennisyou.com\/wp-content\/uploads\/2024\/09\/Rectangle-3-2.png'><img decoding=\"async\" width=\"339\" height=\"238\" src=\"https:\/\/tennisyou.com\/wp-content\/uploads\/2024\/09\/Rectangle-3-2.png\" class=\"attachment-full size-full\" alt=\"\" srcset=\"https:\/\/tennisyou.com\/wp-content\/uploads\/2024\/09\/Rectangle-3-2.png 339w, https:\/\/tennisyou.com\/wp-content\/uploads\/2024\/09\/Rectangle-3-2-300x211.png 300w\" sizes=\"(max-width: 339px) 100vw, 339px\" \/><\/a>\n\t\t\t<\/div><\/figure><figure class='gallery-item'>\n\t\t\t<div class='gallery-icon portrait'>\n\t\t\t\t<a data-elementor-open-lightbox=\"yes\" data-elementor-lightbox-slideshow=\"137cac4\" data-elementor-lightbox-title=\"35211830-4C8F-4BF4-98BF-21310A7C3973 1\" data-e-action-hash=\"#elementor-action%3Aaction%3Dlightbox%26settings%3DeyJpZCI6Njk4LCJ1cmwiOiJodHRwczpcL1wvdGVubmlzeW91LmNvbVwvd3AtY29udGVudFwvdXBsb2Fkc1wvMjAyNFwvMDlcLzM1MjExODMwLTRDOEYtNEJGNC05OEJGLTIxMzEwQTdDMzk3My0xLTEucG5nIiwic2xpZGVzaG93IjoiMTM3Y2FjNCJ9\" href='https:\/\/tennisyou.com\/wp-content\/uploads\/2024\/09\/35211830-4C8F-4BF4-98BF-21310A7C3973-1-1.png'><img loading=\"lazy\" decoding=\"async\" width=\"394\" height=\"444\" src=\"https:\/\/tennisyou.com\/wp-content\/uploads\/2024\/09\/35211830-4C8F-4BF4-98BF-21310A7C3973-1-1.png\" class=\"attachment-full size-full\" alt=\"\" srcset=\"https:\/\/tennisyou.com\/wp-content\/uploads\/2024\/09\/35211830-4C8F-4BF4-98BF-21310A7C3973-1-1.png 394w, https:\/\/tennisyou.com\/wp-content\/uploads\/2024\/09\/35211830-4C8F-4BF4-98BF-21310A7C3973-1-1-266x300.png 266w, https:\/\/tennisyou.com\/wp-content\/uploads\/2024\/09\/35211830-4C8F-4BF4-98BF-21310A7C3973-1-1-11x12.png 11w\" sizes=\"(max-width: 394px) 100vw, 394px\" \/><\/a>\n\t\t\t<\/div><\/figure><figure class='gallery-item'>\n\t\t\t<div class='gallery-icon portrait'>\n\t\t\t\t<a data-elementor-open-lightbox=\"yes\" data-elementor-lightbox-slideshow=\"137cac4\" data-elementor-lightbox-title=\"Mask group-1\" data-e-action-hash=\"#elementor-action%3Aaction%3Dlightbox%26settings%3DeyJpZCI6Njk5LCJ1cmwiOiJodHRwczpcL1wvdGVubmlzeW91LmNvbVwvd3AtY29udGVudFwvdXBsb2Fkc1wvMjAyNFwvMDlcL01hc2stZ3JvdXAtMS5wbmciLCJzbGlkZXNob3ciOiIxMzdjYWM0In0%3D\" href='https:\/\/tennisyou.com\/wp-content\/uploads\/2024\/09\/Mask-group-1.png'><img loading=\"lazy\" decoding=\"async\" width=\"394\" height=\"445\" src=\"https:\/\/tennisyou.com\/wp-content\/uploads\/2024\/09\/Mask-group-1.png\" class=\"attachment-full size-full\" alt=\"\" srcset=\"https:\/\/tennisyou.com\/wp-content\/uploads\/2024\/09\/Mask-group-1.png 394w, https:\/\/tennisyou.com\/wp-content\/uploads\/2024\/09\/Mask-group-1-266x300.png 266w, https:\/\/tennisyou.com\/wp-content\/uploads\/2024\/09\/Mask-group-1-11x12.png 11w\" sizes=\"(max-width: 394px) 100vw, 394px\" \/><\/a>\n\t\t\t<\/div><\/figure><figure class='gallery-item'>\n\t\t\t<div class='gallery-icon portrait'>\n\t\t\t\t<a data-elementor-open-lightbox=\"yes\" data-elementor-lightbox-slideshow=\"137cac4\" data-elementor-lightbox-title=\"Mask group-2\" data-e-action-hash=\"#elementor-action%3Aaction%3Dlightbox%26settings%3DeyJpZCI6NzAwLCJ1cmwiOiJodHRwczpcL1wvdGVubmlzeW91LmNvbVwvd3AtY29udGVudFwvdXBsb2Fkc1wvMjAyNFwvMDlcL01hc2stZ3JvdXAtMi5wbmciLCJzbGlkZXNob3ciOiIxMzdjYWM0In0%3D\" href='https:\/\/tennisyou.com\/wp-content\/uploads\/2024\/09\/Mask-group-2.png'><img loading=\"lazy\" decoding=\"async\" width=\"394\" height=\"445\" src=\"https:\/\/tennisyou.com\/wp-content\/uploads\/2024\/09\/Mask-group-2.png\" class=\"attachment-full size-full\" alt=\"\" srcset=\"https:\/\/tennisyou.com\/wp-content\/uploads\/2024\/09\/Mask-group-2.png 394w, https:\/\/tennisyou.com\/wp-content\/uploads\/2024\/09\/Mask-group-2-266x300.png 266w, https:\/\/tennisyou.com\/wp-content\/uploads\/2024\/09\/Mask-group-2-11x12.png 11w\" sizes=\"(max-width: 394px) 100vw, 394px\" \/><\/a>\n\t\t\t<\/div><\/figure><figure class='gallery-item'>\n\t\t\t<div class='gallery-icon landscape'>\n\t\t\t\t<a data-elementor-open-lightbox=\"yes\" data-elementor-lightbox-slideshow=\"137cac4\" data-elementor-lightbox-title=\"35211830-4C8F-4BF4-98BF-21310A7C3973 2\" data-e-action-hash=\"#elementor-action%3Aaction%3Dlightbox%26settings%3DeyJpZCI6MjM4LCJ1cmwiOiJodHRwczpcL1wvdGVubmlzeW91LmNvbVwvd3AtY29udGVudFwvdXBsb2Fkc1wvMjAyNFwvMDlcLzM1MjExODMwLTRDOEYtNEJGNC05OEJGLTIxMzEwQTdDMzk3My0yLnBuZyIsInNsaWRlc2hvdyI6IjEzN2NhYzQifQ%3D%3D\" href='https:\/\/tennisyou.com\/wp-content\/uploads\/2024\/09\/35211830-4C8F-4BF4-98BF-21310A7C3973-2.png'><img loading=\"lazy\" decoding=\"async\" width=\"496\" height=\"385\" src=\"https:\/\/tennisyou.com\/wp-content\/uploads\/2024\/09\/35211830-4C8F-4BF4-98BF-21310A7C3973-2.png\" class=\"attachment-full size-full\" alt=\"\" srcset=\"https:\/\/tennisyou.com\/wp-content\/uploads\/2024\/09\/35211830-4C8F-4BF4-98BF-21310A7C3973-2.png 496w, https:\/\/tennisyou.com\/wp-content\/uploads\/2024\/09\/35211830-4C8F-4BF4-98BF-21310A7C3973-2-300x233.png 300w\" sizes=\"(max-width: 496px) 100vw, 496px\" \/><\/a>\n\t\t\t<\/div><\/figure><figure class='gallery-item'>\n\t\t\t<div class='gallery-icon landscape'>\n\t\t\t\t<a data-elementor-open-lightbox=\"yes\" data-elementor-lightbox-slideshow=\"137cac4\" data-elementor-lightbox-title=\"Rectangle 3\" data-e-action-hash=\"#elementor-action%3Aaction%3Dlightbox%26settings%3DeyJpZCI6MzAxLCJ1cmwiOiJodHRwczpcL1wvdGVubmlzeW91LmNvbVwvd3AtY29udGVudFwvdXBsb2Fkc1wvMjAyNFwvMDlcL1JlY3RhbmdsZS0zLTMucG5nIiwic2xpZGVzaG93IjoiMTM3Y2FjNCJ9\" href='https:\/\/tennisyou.com\/wp-content\/uploads\/2024\/09\/Rectangle-3-3.png'><img loading=\"lazy\" decoding=\"async\" width=\"339\" height=\"238\" src=\"https:\/\/tennisyou.com\/wp-content\/uploads\/2024\/09\/Rectangle-3-3.png\" class=\"attachment-full size-full\" alt=\"\" srcset=\"https:\/\/tennisyou.com\/wp-content\/uploads\/2024\/09\/Rectangle-3-3.png 339w, https:\/\/tennisyou.com\/wp-content\/uploads\/2024\/09\/Rectangle-3-3-300x211.png 300w\" sizes=\"(max-width: 339px) 100vw, 339px\" \/><\/a>\n\t\t\t<\/div><\/figure><figure class='gallery-item'>\n\t\t\t<div class='gallery-icon portrait'>\n\t\t\t\t<a data-elementor-open-lightbox=\"yes\" data-elementor-lightbox-slideshow=\"137cac4\" data-elementor-lightbox-title=\"Mask group\" data-e-action-hash=\"#elementor-action%3Aaction%3Dlightbox%26settings%3DeyJpZCI6NzAzLCJ1cmwiOiJodHRwczpcL1wvdGVubmlzeW91LmNvbVwvd3AtY29udGVudFwvdXBsb2Fkc1wvMjAyNFwvMDlcL01hc2stZ3JvdXAucG5nIiwic2xpZGVzaG93IjoiMTM3Y2FjNCJ9\" href='https:\/\/tennisyou.com\/wp-content\/uploads\/2024\/09\/Mask-group.png'><img loading=\"lazy\" decoding=\"async\" width=\"394\" height=\"445\" src=\"https:\/\/tennisyou.com\/wp-content\/uploads\/2024\/09\/Mask-group.png\" class=\"attachment-full size-full\" alt=\"\" srcset=\"https:\/\/tennisyou.com\/wp-content\/uploads\/2024\/09\/Mask-group.png 394w, https:\/\/tennisyou.com\/wp-content\/uploads\/2024\/09\/Mask-group-266x300.png 266w, https:\/\/tennisyou.com\/wp-content\/uploads\/2024\/09\/Mask-group-11x12.png 11w\" sizes=\"(max-width: 394px) 100vw, 394px\" \/><\/a>\n\t\t\t<\/div><\/figure>\n\t\t<\/div>\n\t\t<\/div>\n\t\t\t\t<\/div>\n\t\t\t\t<\/div>\n\t\t\t\t\t<\/div>\n\t\t\t\t<\/div>\n\t\t<div class=\"elementor-element elementor-element-c0942cb e-con-full e-flex e-con e-parent\" data-id=\"c0942cb\" data-element_type=\"container\">\n\t\t\t\t<div class=\"elementor-element elementor-element-56991ec elementor-widget elementor-widget-template\" data-id=\"56991ec\" data-element_type=\"widget\" data-widget_type=\"template.default\">\n\t\t\t\t<div class=\"elementor-widget-container\">\n\t\t\t\t\t<div class=\"elementor-template\">\n\t\t\t\t\t<div data-elementor-type=\"container\" data-elementor-id=\"604\" class=\"elementor elementor-604\" data-elementor-post-type=\"elementor_library\">\n\t\t\t\t<div class=\"elementor-element elementor-element-1bd9ef92 e-flex e-con-boxed e-con e-parent\" data-id=\"1bd9ef92\" data-element_type=\"container\" id=\"contacto\">\n\t\t\t\t\t<div class=\"e-con-inner\">\n\t\t<div class=\"elementor-element elementor-element-485d666a e-con-full e-flex e-con e-child\" data-id=\"485d666a\" data-element_type=\"container\">\n\t\t\t\t<div class=\"elementor-element elementor-element-39138323 elementor-widget-divider--view-line elementor-widget elementor-widget-divider\" data-id=\"39138323\" data-element_type=\"widget\" data-widget_type=\"divider.default\">\n\t\t\t\t<div class=\"elementor-widget-container\">\n\t\t\t\t\t<div class=\"elementor-divider\">\n\t\t\t<span class=\"elementor-divider-separator\">\n\t\t\t\t\t\t<\/span>\n\t\t<\/div>\n\t\t\t\t<\/div>\n\t\t\t\t<\/div>\n\t\t\t\t<div class=\"elementor-element elementor-element-37c01111 elementor-widget elementor-widget-heading\" data-id=\"37c01111\" data-element_type=\"widget\" data-widget_type=\"heading.default\">\n\t\t\t\t<div class=\"elementor-widget-container\">\n\t\t\t<h2 class=\"elementor-heading-title elementor-size-default\">CONTACT<\/h2>\t\t<\/div>\n\t\t\t\t<\/div>\n\t\t\t\t<div class=\"elementor-element elementor-element-417c271b elementor-widget elementor-widget-text-editor\" data-id=\"417c271b\" data-element_type=\"widget\" data-widget_type=\"text-editor.default\">\n\t\t\t\t<div class=\"elementor-widget-container\">\n\t\t\t\t\t\t\t<p>If you need more information or want to discuss something, feel free to contact me.<\/p>\t\t\t\t\t\t<\/div>\n\t\t\t\t<\/div>\n\t\t\t\t<div class=\"elementor-element elementor-element-4cad8915 elementor-button-align-stretch elementor-widget elementor-widget-form\" data-id=\"4cad8915\" data-element_type=\"widget\" data-settings=\"{&quot;step_next_label&quot;:&quot;Next&quot;,&quot;step_previous_label&quot;:&quot;Previous&quot;,&quot;button_width&quot;:&quot;100&quot;,&quot;step_type&quot;:&quot;number_text&quot;,&quot;step_icon_shape&quot;:&quot;circle&quot;}\" data-widget_type=\"form.default\">\n\t\t\t\t<div class=\"elementor-widget-container\">\n\t\t\t\t\t<form class=\"elementor-form\" method=\"post\" name=\"New Form\">\n\t\t\t<input type=\"hidden\" name=\"post_id\" value=\"604\"\/>\n\t\t\t<input type=\"hidden\" name=\"form_id\" value=\"4cad8915\"\/>\n\t\t\t<input type=\"hidden\" name=\"referer_title\" value=\"\" \/>\n\n\t\t\t\t\t\t\t<input type=\"hidden\" name=\"queried_id\" value=\"8\"\/>\n\t\t\t\n\t\t\t<div class=\"elementor-form-fields-wrapper elementor-labels-above\">\n\t\t\t\t\t\t\t\t<div class=\"elementor-field-type-text elementor-field-group elementor-column elementor-field-group-name elementor-col-50\">\n\t\t\t\t\t\t\t\t\t\t\t\t<label for=\"form-field-name\" class=\"elementor-field-label\">\n\t\t\t\t\t\t\t\tName\t\t\t\t\t\t\t<\/label>\n\t\t\t\t\t\t\t\t\t\t\t\t\t\t<input size=\"1\" type=\"text\" name=\"form_fields[name]\" id=\"form-field-name\" class=\"elementor-field elementor-size-sm  elementor-field-textual\" placeholder=\"Name\">\n\t\t\t\t\t\t\t\t\t\t\t<\/div>\n\t\t\t\t\t\t\t\t<div class=\"elementor-field-type-text elementor-field-group elementor-column elementor-field-group-email elementor-col-50 elementor-field-required\">\n\t\t\t\t\t\t\t\t\t\t\t\t<label for=\"form-field-email\" class=\"elementor-field-label\">\n\t\t\t\t\t\t\t\tLast Name\t\t\t\t\t\t\t<\/label>\n\t\t\t\t\t\t\t\t\t\t\t\t\t\t<input size=\"1\" type=\"text\" name=\"form_fields[email]\" id=\"form-field-email\" class=\"elementor-field elementor-size-sm  elementor-field-textual\" placeholder=\"Apellido\" required=\"required\" aria-required=\"true\">\n\t\t\t\t\t\t\t\t\t\t\t<\/div>\n\t\t\t\t\t\t\t\t<div class=\"elementor-field-type-number elementor-field-group elementor-column elementor-field-group-field_11a9681 elementor-col-50 elementor-field-required\">\n\t\t\t\t\t\t\t\t\t\t\t\t<label for=\"form-field-field_11a9681\" class=\"elementor-field-label\">\n\t\t\t\t\t\t\t\tPhone\t\t\t\t\t\t\t<\/label>\n\t\t\t\t\t\t\t\t\t<input type=\"number\" name=\"form_fields[field_11a9681]\" id=\"form-field-field_11a9681\" class=\"elementor-field elementor-size-sm  elementor-field-textual\" placeholder=\"Telefono\" required=\"required\" aria-required=\"true\" min=\"\" max=\"\" >\n\t\t\t\t\t\t<\/div>\n\t\t\t\t\t\t\t\t<div class=\"elementor-field-type-email elementor-field-group elementor-column elementor-field-group-field_aaeaf41 elementor-col-50 elementor-field-required\">\n\t\t\t\t\t\t\t\t\t\t\t\t<label for=\"form-field-field_aaeaf41\" class=\"elementor-field-label\">\n\t\t\t\t\t\t\t\tEmail\t\t\t\t\t\t\t<\/label>\n\t\t\t\t\t\t\t\t\t\t\t\t\t\t<input size=\"1\" type=\"email\" name=\"form_fields[field_aaeaf41]\" id=\"form-field-field_aaeaf41\" class=\"elementor-field elementor-size-sm  elementor-field-textual\" placeholder=\"Email\" required=\"required\" aria-required=\"true\">\n\t\t\t\t\t\t\t\t\t\t\t<\/div>\n\t\t\t\t\t\t\t\t<div class=\"elementor-field-type-textarea elementor-field-group elementor-column elementor-field-group-message elementor-col-100\">\n\t\t\t\t\t\t\t\t\t\t\t\t<label for=\"form-field-message\" class=\"elementor-field-label\">\n\t\t\t\t\t\t\t\tHow can we help you?\t\t\t\t\t\t\t<\/label>\n\t\t\t\t\t\t<textarea class=\"elementor-field-textual elementor-field  elementor-size-sm\" name=\"form_fields[message]\" id=\"form-field-message\" rows=\"4\" placeholder=\"Write your inquiry here\"><\/textarea>\t\t\t\t<\/div>\n\t\t\t\t\t\t\t\t<div class=\"elementor-field-type-acceptance elementor-field-group elementor-column elementor-field-group-field_11b151e elementor-col-100 elementor-field-required\">\n\t\t\t\t\t\t\t<div class=\"elementor-field-subgroup\">\n\t\t\t<span class=\"elementor-field-option\">\n\t\t\t\t<input type=\"checkbox\" name=\"form_fields[field_11b151e]\" id=\"form-field-field_11b151e\" class=\"elementor-field elementor-size-sm  elementor-acceptance-field\" required=\"required\" aria-required=\"true\">\n\t\t\t\t<label for=\"form-field-field_11b151e\">I have read and accept <a href=\"https:\/\/tennisyou.com\/en\/politicas-de-privacidad\/\" > the privacy policies <\/a><\/label>\t\t\t<\/span>\n\t\t<\/div>\n\t\t\t\t\t\t<\/div>\n\t\t\t\t\t\t\t\t<div class=\"elementor-field-type-recaptcha_v3 elementor-field-group elementor-column elementor-field-group-field_abaccf6 elementor-col-100 recaptcha_v3-bottomright\">\n\t\t\t\t\t<div class=\"elementor-field\" id=\"form-field-field_abaccf6\"><div class=\"elementor-g-recaptcha\" data-sitekey=\"6LeWQ3kqAAAAAKTux0d3DU49qyIcXbVL38BC7_rY\" data-type=\"v3\" data-action=\"Form\" data-badge=\"bottomright\" data-size=\"invisible\"><\/div><\/div>\t\t\t\t<\/div>\n\t\t\t\t\t\t\t\t<div class=\"elementor-field-group elementor-column elementor-field-type-submit elementor-col-100 e-form__buttons\">\n\t\t\t\t\t<button class=\"elementor-button elementor-size-sm\" type=\"submit\">\n\t\t\t\t\t\t<span class=\"elementor-button-content-wrapper\">\n\t\t\t\t\t\t\t\t\t\t\t\t\t\t\t\t\t\t\t\t\t\t<span class=\"elementor-button-text\">Send<\/span>\n\t\t\t\t\t\t\t\t\t\t\t\t\t<\/span>\n\t\t\t\t\t<\/button>\n\t\t\t\t<\/div>\n\t\t\t<\/div>\n\t\t<input type=\"hidden\" name=\"trp-form-language\" value=\"en\"\/><\/form>\n\t\t\t\t<\/div>\n\t\t\t\t<\/div>\n\t\t\t\t<\/div>\n\t\t<div class=\"elementor-element elementor-element-2ee92a57 e-con-full e-flex e-con e-child\" data-id=\"2ee92a57\" data-element_type=\"container\">\n\t\t\t\t<div class=\"elementor-element elementor-element-400fc149 elementor-widget elementor-widget-image\" data-id=\"400fc149\" data-element_type=\"widget\" data-widget_type=\"image.default\">\n\t\t\t\t<div class=\"elementor-widget-container\">\n\t\t\t\t\t\t\t\t\t\t\t\t\t<img loading=\"lazy\" decoding=\"async\" width=\"598\" height=\"658\" src=\"https:\/\/tennisyou.com\/wp-content\/uploads\/2024\/09\/Rectangle-87.png\" class=\"attachment-large size-large wp-image-190\" alt=\"\" srcset=\"https:\/\/tennisyou.com\/wp-content\/uploads\/2024\/09\/Rectangle-87.png 598w, https:\/\/tennisyou.com\/wp-content\/uploads\/2024\/09\/Rectangle-87-273x300.png 273w\" sizes=\"(max-width: 598px) 100vw, 598px\" \/>\t\t\t\t\t\t\t\t\t\t\t\t\t<\/div>\n\t\t\t\t<\/div>\n\t\t<div class=\"elementor-element elementor-element-34763a63 e-con-full e-flex e-con e-child\" data-id=\"34763a63\" data-element_type=\"container\">\n\t\t<div class=\"elementor-element elementor-element-7f70591 e-con-full e-flex e-con e-child\" data-id=\"7f70591\" data-element_type=\"container\">\n\t\t\t\t<div class=\"elementor-element elementor-element-2ad30ac9 elementor-icon-list--layout-traditional elementor-list-item-link-full_width elementor-widget elementor-widget-icon-list\" data-id=\"2ad30ac9\" data-element_type=\"widget\" data-widget_type=\"icon-list.default\">\n\t\t\t\t<div class=\"elementor-widget-container\">\n\t\t\t\t\t<ul class=\"elementor-icon-list-items\">\n\t\t\t\t\t\t\t<li class=\"elementor-icon-list-item\">\n\t\t\t\t\t\t\t\t\t\t\t<a href=\"tel:0034647513453\">\n\n\t\t\t\t\t\t\t\t\t\t\t\t<span class=\"elementor-icon-list-icon\">\n\t\t\t\t\t\t\t<svg aria-hidden=\"true\" class=\"e-font-icon-svg e-fas-phone-alt\" viewbox=\"0 0 512 512\" xmlns=\"http:\/\/www.w3.org\/2000\/svg\"><path d=\"M497.39 361.8l-112-48a24 24 0 0 0-28 6.9l-49.6 60.6A370.66 370.66 0 0 1 130.6 204.11l60.6-49.6a23.94 23.94 0 0 0 6.9-28l-48-112A24.16 24.16 0 0 0 122.6.61l-104 24A24 24 0 0 0 0 48c0 256.5 207.9 464 464 464a24 24 0 0 0 23.4-18.6l24-104a24.29 24.29 0 0 0-14.01-27.6z\"><\/path><\/svg>\t\t\t\t\t\t<\/span>\n\t\t\t\t\t\t\t\t\t\t<span class=\"elementor-icon-list-text\">+34 647 51 34 53<\/span>\n\t\t\t\t\t\t\t\t\t\t\t<\/a>\n\t\t\t\t\t\t\t\t\t<\/li>\n\t\t\t\t\t\t<\/ul>\n\t\t\t\t<\/div>\n\t\t\t\t<\/div>\n\t\t\t\t<\/div>\n\t\t<div class=\"elementor-element elementor-element-744dba3 e-con-full e-flex e-con e-child\" data-id=\"744dba3\" data-element_type=\"container\">\n\t\t\t\t<div class=\"elementor-element elementor-element-1afbd0bf elementor-icon-list--layout-inline elementor-tablet-align-center elementor-list-item-link-full_width elementor-widget elementor-widget-icon-list\" data-id=\"1afbd0bf\" data-element_type=\"widget\" data-widget_type=\"icon-list.default\">\n\t\t\t\t<div class=\"elementor-widget-container\">\n\t\t\t\t\t<ul class=\"elementor-icon-list-items elementor-inline-items\">\n\t\t\t\t\t\t\t<li class=\"elementor-icon-list-item elementor-inline-item\">\n\t\t\t\t\t\t\t\t\t\t\t<a href=\"mailto:tomy@tennisyou.com\">\n\n\t\t\t\t\t\t\t\t\t\t\t\t<span class=\"elementor-icon-list-icon\">\n\t\t\t\t\t\t\t<svg aria-hidden=\"true\" class=\"e-font-icon-svg e-fas-envelope\" viewbox=\"0 0 512 512\" xmlns=\"http:\/\/www.w3.org\/2000\/svg\"><path d=\"M502.3 190.8c3.9-3.1 9.7-.2 9.7 4.7V400c0 26.5-21.5 48-48 48H48c-26.5 0-48-21.5-48-48V195.6c0-5 5.7-7.8 9.7-4.7 22.4 17.4 52.1 39.5 154.1 113.6 21.1 15.4 56.7 47.8 92.2 47.6 35.7.3 72-32.8 92.3-47.6 102-74.1 131.6-96.3 154-113.7zM256 320c23.2.4 56.6-29.2 73.4-41.4 132.7-96.3 142.8-104.7 173.4-128.7 5.8-4.5 9.2-11.5 9.2-18.9v-19c0-26.5-21.5-48-48-48H48C21.5 64 0 85.5 0 112v19c0 7.4 3.4 14.3 9.2 18.9 30.6 23.9 40.7 32.4 173.4 128.7 16.8 12.2 50.2 41.8 73.4 41.4z\"><\/path><\/svg>\t\t\t\t\t\t<\/span>\n\t\t\t\t\t\t\t\t\t\t<span class=\"elementor-icon-list-text\">tomy@tennisyou.com<\/span>\n\t\t\t\t\t\t\t\t\t\t\t<\/a>\n\t\t\t\t\t\t\t\t\t<\/li>\n\t\t\t\t\t\t<\/ul>\n\t\t\t\t<\/div>\n\t\t\t\t<\/div>\n\t\t\t\t<\/div>\n\t\t\t\t<\/div>\n\t\t\t\t<\/div>\n\t\t\t\t\t<\/div>\n\t\t\t\t<\/div>\n\t\t\t\t<\/div>\n\t\t\t\t<\/div>\n\t\t\t\t<\/div>\n\t\t\t\t<\/div>\n\t\t\t\t<\/div>\n\t\t\t\t<\/div>","protected":false},"excerpt":{"rendered":"<p>GALER\u00cdA Encuentra a trav\u00e9s de nuestras fotos y videos recuerdos de actividades realizadas por TENNIS YOU as\u00ed como testimonios de personas satisfechas con nuestros servicios. GALERIA DE FOTOS &amp; VIDEOS<\/p>","protected":false},"author":1,"featured_media":0,"parent":0,"menu_order":0,"comment_status":"closed","ping_status":"closed","template":"elementor_header_footer","meta":{"footnotes":""},"class_list":["post-311","page","type-page","status-publish","hentry"],"_links":{"self":[{"href":"https:\/\/tennisyou.com\/en\/wp-json\/wp\/v2\/pages\/311","targetHints":{"allow":["GET"]}}],"collection":[{"href":"https:\/\/tennisyou.com\/en\/wp-json\/wp\/v2\/pages"}],"about":[{"href":"https:\/\/tennisyou.com\/en\/wp-json\/wp\/v2\/types\/page"}],"author":[{"embeddable":true,"href":"https:\/\/tennisyou.com\/en\/wp-json\/wp\/v2\/users\/1"}],"replies":[{"embeddable":true,"href":"https:\/\/tennisyou.com\/en\/wp-json\/wp\/v2\/comments?post=311"}],"version-history":[{"count":49,"href":"https:\/\/tennisyou.com\/en\/wp-json\/wp\/v2\/pages\/311\/revisions"}],"predecessor-version":[{"id":832,"href":"https:\/\/tennisyou.com\/en\/wp-json\/wp\/v2\/pages\/311\/revisions\/832"}],"wp:attachment":[{"href":"https:\/\/tennisyou.com\/en\/wp-json\/wp\/v2\/media?parent=311"}],"curies":[{"name":"wp","href":"https:\/\/api.w.org\/{rel}","templated":true}]}}