{"id":292,"date":"2024-09-10T14:26:18","date_gmt":"2024-09-10T14:26:18","guid":{"rendered":"https:\/\/tennisyou.hilldevelop.com\/?page_id=292"},"modified":"2024-11-06T13:58:07","modified_gmt":"2024-11-06T13:58:07","slug":"proximos-eventos","status":"publish","type":"page","link":"https:\/\/tennisyou.com\/en\/proximos-eventos\/","title":{"rendered":"UPCOMING EVENTS"},"content":{"rendered":"<div data-elementor-type=\"wp-page\" data-elementor-id=\"292\" class=\"elementor elementor-292\" data-elementor-post-type=\"page\">\n\t\t\t\t<div class=\"elementor-element elementor-element-5b630ab e-flex e-con-boxed e-con e-parent\" data-id=\"5b630ab\" data-element_type=\"container\" data-settings=\"{&quot;background_background&quot;:&quot;classic&quot;}\">\n\t\t\t\t\t<div class=\"e-con-inner\">\n\t\t<div class=\"elementor-element elementor-element-495c027 e-con-full e-flex e-con e-child\" data-id=\"495c027\" data-element_type=\"container\">\n\t\t<div class=\"elementor-element elementor-element-1da61e1 e-con-full e-flex e-con e-child\" data-id=\"1da61e1\" data-element_type=\"container\">\n\t\t\t\t<div class=\"elementor-element elementor-element-d2eceb0 elementor-widget elementor-widget-heading\" data-id=\"d2eceb0\" data-element_type=\"widget\" data-widget_type=\"heading.default\">\n\t\t\t\t<div class=\"elementor-widget-container\">\n\t\t\t<h1 class=\"elementor-heading-title elementor-size-default\">UPCOMING EVENTS<\/h1>\t\t<\/div>\n\t\t\t\t<\/div>\n\t\t\t\t<div class=\"elementor-element elementor-element-00056d9 elementor-widget elementor-widget-text-editor\" data-id=\"00056d9\" data-element_type=\"widget\" data-widget_type=\"text-editor.default\">\n\t\t\t\t<div class=\"elementor-widget-container\">\n\t\t\t\t\t\t\t<p>Find the upcoming activities organized by <span class=\"tipografi\"><strong>TENNIS YOU<\/strong><\/span> along with all the information about dates and how to register so you can join us. <br \/><br \/>STAY ALERT!<\/p>\t\t\t\t\t\t<\/div>\n\t\t\t\t<\/div>\n\t\t\t\t<\/div>\n\t\t<div class=\"elementor-element elementor-element-37a7d9c e-con-full e-flex e-con e-child\" data-id=\"37a7d9c\" data-element_type=\"container\">\n\t\t\t\t<\/div>\n\t\t\t\t<\/div>\n\t\t\t\t\t<\/div>\n\t\t\t\t<\/div>\n\t\t<div class=\"elementor-element elementor-element-3449661 e-flex e-con-boxed e-con e-parent\" data-id=\"3449661\" data-element_type=\"container\">\n\t\t\t\t\t<div class=\"e-con-inner\">\n\t\t<div class=\"elementor-element elementor-element-670acad e-con-full e-flex e-con e-child\" data-id=\"670acad\" data-element_type=\"container\">\n\t\t\t\t<div class=\"elementor-element elementor-element-01165ea elementor-widget-divider--view-line elementor-widget elementor-widget-divider\" data-id=\"01165ea\" data-element_type=\"widget\" data-widget_type=\"divider.default\">\n\t\t\t\t<div class=\"elementor-widget-container\">\n\t\t\t\t\t<div class=\"elementor-divider\">\n\t\t\t<span class=\"elementor-divider-separator\">\n\t\t\t\t\t\t<\/span>\n\t\t<\/div>\n\t\t\t\t<\/div>\n\t\t\t\t<\/div>\n\t\t\t\t<div class=\"elementor-element elementor-element-40a4ce4 elementor-widget elementor-widget-heading\" data-id=\"40a4ce4\" data-element_type=\"widget\" data-widget_type=\"heading.default\">\n\t\t\t\t<div class=\"elementor-widget-container\">\n\t\t\t<h2 class=\"elementor-heading-title elementor-size-default\">UPCOMING EVENTS<\/h2>\t\t<\/div>\n\t\t\t\t<\/div>\n\t\t\t\t<div class=\"elementor-element elementor-element-83f2373 elementor-widget elementor-widget-text-editor\" data-id=\"83f2373\" data-element_type=\"widget\" data-widget_type=\"text-editor.default\">\n\t\t\t\t<div class=\"elementor-widget-container\">\n\t\t\t\t\t\t\t<p>In Upcoming Events you can find tournaments, conferences and other events that will be held throughout the year with information about the place, day and time so you can attend and join us.<\/p>\t\t\t\t\t\t<\/div>\n\t\t\t\t<\/div>\n\t\t\t\t<\/div>\n\t\t\t\t\t<\/div>\n\t\t\t\t<\/div>\n\t\t<div class=\"elementor-element elementor-element-38da731 e-con-full e-flex e-con e-parent\" data-id=\"38da731\" data-element_type=\"container\">\n\t\t<div class=\"elementor-element elementor-element-ca5f224 e-con-full e-flex e-con e-child\" data-id=\"ca5f224\" data-element_type=\"container\">\n\t\t<div class=\"elementor-element elementor-element-70048f2 e-con-full e-flex e-con e-child\" data-id=\"70048f2\" data-element_type=\"container\">\n\t\t\t\t<div class=\"elementor-element elementor-element-e1a5208 elementor-widget elementor-widget-image\" data-id=\"e1a5208\" data-element_type=\"widget\" data-widget_type=\"image.default\">\n\t\t\t\t<div class=\"elementor-widget-container\">\n\t\t\t\t\t\t\t\t\t\t\t\t\t<img fetchpriority=\"high\" decoding=\"async\" width=\"339\" height=\"238\" src=\"https:\/\/tennisyou.com\/wp-content\/uploads\/2024\/09\/Rectangle-3-2.png\" class=\"attachment-large size-large wp-image-112\" alt=\"\" srcset=\"https:\/\/tennisyou.com\/wp-content\/uploads\/2024\/09\/Rectangle-3-2.png 339w, https:\/\/tennisyou.com\/wp-content\/uploads\/2024\/09\/Rectangle-3-2-300x211.png 300w\" sizes=\"(max-width: 339px) 100vw, 339px\" \/>\t\t\t\t\t\t\t\t\t\t\t\t\t<\/div>\n\t\t\t\t<\/div>\n\t\t\t\t<div class=\"elementor-element elementor-element-2f66997 elementor-widget elementor-widget-heading\" data-id=\"2f66997\" data-element_type=\"widget\" data-widget_type=\"heading.default\">\n\t\t\t\t<div class=\"elementor-widget-container\">\n\t\t\t<h2 class=\"elementor-heading-title elementor-size-default\">EVENT 1<\/h2>\t\t<\/div>\n\t\t\t\t<\/div>\n\t\t\t\t<\/div>\n\t\t<div class=\"elementor-element elementor-element-55fca94 e-con-full e-flex e-con e-child\" data-id=\"55fca94\" data-element_type=\"container\">\n\t\t\t\t<div class=\"elementor-element elementor-element-23ed2a6 elementor-widget elementor-widget-image\" data-id=\"23ed2a6\" data-element_type=\"widget\" data-widget_type=\"image.default\">\n\t\t\t\t<div class=\"elementor-widget-container\">\n\t\t\t\t\t\t\t\t\t\t\t\t\t<img decoding=\"async\" width=\"339\" height=\"238\" src=\"https:\/\/tennisyou.com\/wp-content\/uploads\/2024\/09\/Rectangle-3-1.png\" class=\"attachment-large size-large wp-image-111\" alt=\"\" srcset=\"https:\/\/tennisyou.com\/wp-content\/uploads\/2024\/09\/Rectangle-3-1.png 339w, https:\/\/tennisyou.com\/wp-content\/uploads\/2024\/09\/Rectangle-3-1-300x211.png 300w\" sizes=\"(max-width: 339px) 100vw, 339px\" \/>\t\t\t\t\t\t\t\t\t\t\t\t\t<\/div>\n\t\t\t\t<\/div>\n\t\t\t\t<div class=\"elementor-element elementor-element-703a2a0 elementor-widget elementor-widget-heading\" data-id=\"703a2a0\" data-element_type=\"widget\" data-widget_type=\"heading.default\">\n\t\t\t\t<div class=\"elementor-widget-container\">\n\t\t\t<h2 class=\"elementor-heading-title elementor-size-default\">EVENT 2<\/h2>\t\t<\/div>\n\t\t\t\t<\/div>\n\t\t\t\t<\/div>\n\t\t<div class=\"elementor-element elementor-element-c9af334 e-con-full e-flex e-con e-child\" data-id=\"c9af334\" data-element_type=\"container\">\n\t\t\t\t<div class=\"elementor-element elementor-element-37afb98 elementor-widget elementor-widget-image\" data-id=\"37afb98\" data-element_type=\"widget\" data-widget_type=\"image.default\">\n\t\t\t\t<div class=\"elementor-widget-container\">\n\t\t\t\t\t\t\t\t\t\t\t\t\t<img decoding=\"async\" width=\"339\" height=\"238\" src=\"https:\/\/tennisyou.com\/wp-content\/uploads\/2024\/09\/Rectangle-3.png\" class=\"attachment-large size-large wp-image-113\" alt=\"\" srcset=\"https:\/\/tennisyou.com\/wp-content\/uploads\/2024\/09\/Rectangle-3.png 339w, https:\/\/tennisyou.com\/wp-content\/uploads\/2024\/09\/Rectangle-3-300x211.png 300w\" sizes=\"(max-width: 339px) 100vw, 339px\" \/>\t\t\t\t\t\t\t\t\t\t\t\t\t<\/div>\n\t\t\t\t<\/div>\n\t\t\t\t<div class=\"elementor-element elementor-element-0fecd9e elementor-widget elementor-widget-heading\" data-id=\"0fecd9e\" data-element_type=\"widget\" data-widget_type=\"heading.default\">\n\t\t\t\t<div class=\"elementor-widget-container\">\n\t\t\t<h2 class=\"elementor-heading-title elementor-size-default\">EVENT 3<\/h2>\t\t<\/div>\n\t\t\t\t<\/div>\n\t\t\t\t<\/div>\n\t\t\t\t<\/div>\n\t\t<div class=\"elementor-element elementor-element-e5aa728 e-con-full e-flex e-con e-child\" data-id=\"e5aa728\" data-element_type=\"container\">\n\t\t<div class=\"elementor-element elementor-element-c6c9eaa e-con-full e-flex e-con e-child\" data-id=\"c6c9eaa\" data-element_type=\"container\">\n\t\t\t\t<div class=\"elementor-element elementor-element-7b9468b elementor-widget elementor-widget-image\" data-id=\"7b9468b\" data-element_type=\"widget\" data-widget_type=\"image.default\">\n\t\t\t\t<div class=\"elementor-widget-container\">\n\t\t\t\t\t\t\t\t\t\t\t\t\t<img loading=\"lazy\" decoding=\"async\" width=\"339\" height=\"238\" src=\"https:\/\/tennisyou.com\/wp-content\/uploads\/2024\/09\/Rectangle-3-1-1.png\" class=\"attachment-large size-large wp-image-299\" alt=\"\" srcset=\"https:\/\/tennisyou.com\/wp-content\/uploads\/2024\/09\/Rectangle-3-1-1.png 339w, https:\/\/tennisyou.com\/wp-content\/uploads\/2024\/09\/Rectangle-3-1-1-300x211.png 300w\" sizes=\"(max-width: 339px) 100vw, 339px\" \/>\t\t\t\t\t\t\t\t\t\t\t\t\t<\/div>\n\t\t\t\t<\/div>\n\t\t\t\t<div class=\"elementor-element elementor-element-6f2dd3a elementor-widget elementor-widget-heading\" data-id=\"6f2dd3a\" data-element_type=\"widget\" data-widget_type=\"heading.default\">\n\t\t\t\t<div class=\"elementor-widget-container\">\n\t\t\t<h2 class=\"elementor-heading-title elementor-size-default\">EVENT 4<\/h2>\t\t<\/div>\n\t\t\t\t<\/div>\n\t\t\t\t<\/div>\n\t\t<div class=\"elementor-element elementor-element-88f90d1 e-con-full e-flex e-con e-child\" data-id=\"88f90d1\" data-element_type=\"container\">\n\t\t\t\t<div class=\"elementor-element elementor-element-af40c0a elementor-widget elementor-widget-image\" data-id=\"af40c0a\" data-element_type=\"widget\" data-widget_type=\"image.default\">\n\t\t\t\t<div class=\"elementor-widget-container\">\n\t\t\t\t\t\t\t\t\t\t\t\t\t<img loading=\"lazy\" decoding=\"async\" width=\"339\" height=\"238\" src=\"https:\/\/tennisyou.com\/wp-content\/uploads\/2024\/09\/Rectangle-3-2-1.png\" class=\"attachment-large size-large wp-image-300\" alt=\"\" srcset=\"https:\/\/tennisyou.com\/wp-content\/uploads\/2024\/09\/Rectangle-3-2-1.png 339w, https:\/\/tennisyou.com\/wp-content\/uploads\/2024\/09\/Rectangle-3-2-1-300x211.png 300w\" sizes=\"(max-width: 339px) 100vw, 339px\" \/>\t\t\t\t\t\t\t\t\t\t\t\t\t<\/div>\n\t\t\t\t<\/div>\n\t\t\t\t<div class=\"elementor-element elementor-element-9af0077 elementor-widget elementor-widget-heading\" data-id=\"9af0077\" data-element_type=\"widget\" data-widget_type=\"heading.default\">\n\t\t\t\t<div class=\"elementor-widget-container\">\n\t\t\t<h2 class=\"elementor-heading-title elementor-size-default\">EVENT 5<\/h2>\t\t<\/div>\n\t\t\t\t<\/div>\n\t\t\t\t<\/div>\n\t\t<div class=\"elementor-element elementor-element-e3064f1 e-con-full e-flex e-con e-child\" data-id=\"e3064f1\" data-element_type=\"container\">\n\t\t\t\t<div class=\"elementor-element elementor-element-135d8c2 elementor-widget elementor-widget-image\" data-id=\"135d8c2\" data-element_type=\"widget\" data-widget_type=\"image.default\">\n\t\t\t\t<div class=\"elementor-widget-container\">\n\t\t\t\t\t\t\t\t\t\t\t\t\t<img loading=\"lazy\" decoding=\"async\" width=\"339\" height=\"238\" src=\"https:\/\/tennisyou.com\/wp-content\/uploads\/2024\/09\/Rectangle-3-3.png\" class=\"attachment-large size-large wp-image-301\" alt=\"\" srcset=\"https:\/\/tennisyou.com\/wp-content\/uploads\/2024\/09\/Rectangle-3-3.png 339w, https:\/\/tennisyou.com\/wp-content\/uploads\/2024\/09\/Rectangle-3-3-300x211.png 300w\" sizes=\"(max-width: 339px) 100vw, 339px\" \/>\t\t\t\t\t\t\t\t\t\t\t\t\t<\/div>\n\t\t\t\t<\/div>\n\t\t\t\t<div class=\"elementor-element elementor-element-9bbd84d elementor-widget elementor-widget-heading\" data-id=\"9bbd84d\" data-element_type=\"widget\" data-widget_type=\"heading.default\">\n\t\t\t\t<div class=\"elementor-widget-container\">\n\t\t\t<h2 class=\"elementor-heading-title elementor-size-default\">EVENT 6<\/h2>\t\t<\/div>\n\t\t\t\t<\/div>\n\t\t\t\t<\/div>\n\t\t\t\t<\/div>\n\t\t\t\t<\/div>\n\t\t<div class=\"elementor-element elementor-element-0b1ec4a e-con-full e-flex e-con e-parent\" data-id=\"0b1ec4a\" data-element_type=\"container\">\n\t\t\t\t<div class=\"elementor-element elementor-element-ac6f0fb elementor-widget elementor-widget-template\" data-id=\"ac6f0fb\" data-element_type=\"widget\" data-widget_type=\"template.default\">\n\t\t\t\t<div class=\"elementor-widget-container\">\n\t\t\t\t\t<div class=\"elementor-template\">\n\t\t\t\t\t<div data-elementor-type=\"container\" data-elementor-id=\"604\" class=\"elementor elementor-604\" data-elementor-post-type=\"elementor_library\">\n\t\t\t\t<div class=\"elementor-element elementor-element-1bd9ef92 e-flex e-con-boxed e-con e-parent\" data-id=\"1bd9ef92\" data-element_type=\"container\" id=\"contacto\">\n\t\t\t\t\t<div class=\"e-con-inner\">\n\t\t<div class=\"elementor-element elementor-element-485d666a e-con-full e-flex e-con e-child\" data-id=\"485d666a\" data-element_type=\"container\">\n\t\t\t\t<div class=\"elementor-element elementor-element-39138323 elementor-widget-divider--view-line elementor-widget elementor-widget-divider\" data-id=\"39138323\" data-element_type=\"widget\" data-widget_type=\"divider.default\">\n\t\t\t\t<div class=\"elementor-widget-container\">\n\t\t\t\t\t<div class=\"elementor-divider\">\n\t\t\t<span class=\"elementor-divider-separator\">\n\t\t\t\t\t\t<\/span>\n\t\t<\/div>\n\t\t\t\t<\/div>\n\t\t\t\t<\/div>\n\t\t\t\t<div class=\"elementor-element elementor-element-37c01111 elementor-widget elementor-widget-heading\" data-id=\"37c01111\" data-element_type=\"widget\" data-widget_type=\"heading.default\">\n\t\t\t\t<div class=\"elementor-widget-container\">\n\t\t\t<h2 class=\"elementor-heading-title elementor-size-default\">CONTACT<\/h2>\t\t<\/div>\n\t\t\t\t<\/div>\n\t\t\t\t<div class=\"elementor-element elementor-element-417c271b elementor-widget elementor-widget-text-editor\" data-id=\"417c271b\" data-element_type=\"widget\" data-widget_type=\"text-editor.default\">\n\t\t\t\t<div class=\"elementor-widget-container\">\n\t\t\t\t\t\t\t<p>If you need more information or want to discuss something, feel free to contact me.<\/p>\t\t\t\t\t\t<\/div>\n\t\t\t\t<\/div>\n\t\t\t\t<div class=\"elementor-element elementor-element-4cad8915 elementor-button-align-stretch elementor-widget elementor-widget-form\" data-id=\"4cad8915\" data-element_type=\"widget\" data-settings=\"{&quot;step_next_label&quot;:&quot;Next&quot;,&quot;step_previous_label&quot;:&quot;Previous&quot;,&quot;button_width&quot;:&quot;100&quot;,&quot;step_type&quot;:&quot;number_text&quot;,&quot;step_icon_shape&quot;:&quot;circle&quot;}\" data-widget_type=\"form.default\">\n\t\t\t\t<div class=\"elementor-widget-container\">\n\t\t\t\t\t<form class=\"elementor-form\" method=\"post\" name=\"New Form\">\n\t\t\t<input type=\"hidden\" name=\"post_id\" value=\"604\"\/>\n\t\t\t<input type=\"hidden\" name=\"form_id\" value=\"4cad8915\"\/>\n\t\t\t<input type=\"hidden\" name=\"referer_title\" value=\"\" \/>\n\n\t\t\t\t\t\t\t<input type=\"hidden\" name=\"queried_id\" value=\"8\"\/>\n\t\t\t\n\t\t\t<div class=\"elementor-form-fields-wrapper elementor-labels-above\">\n\t\t\t\t\t\t\t\t<div class=\"elementor-field-type-text elementor-field-group elementor-column elementor-field-group-name elementor-col-50\">\n\t\t\t\t\t\t\t\t\t\t\t\t<label for=\"form-field-name\" class=\"elementor-field-label\">\n\t\t\t\t\t\t\t\tName\t\t\t\t\t\t\t<\/label>\n\t\t\t\t\t\t\t\t\t\t\t\t\t\t<input size=\"1\" type=\"text\" name=\"form_fields[name]\" id=\"form-field-name\" class=\"elementor-field elementor-size-sm  elementor-field-textual\" placeholder=\"Name\">\n\t\t\t\t\t\t\t\t\t\t\t<\/div>\n\t\t\t\t\t\t\t\t<div class=\"elementor-field-type-text elementor-field-group elementor-column elementor-field-group-email elementor-col-50 elementor-field-required\">\n\t\t\t\t\t\t\t\t\t\t\t\t<label for=\"form-field-email\" class=\"elementor-field-label\">\n\t\t\t\t\t\t\t\tLast Name\t\t\t\t\t\t\t<\/label>\n\t\t\t\t\t\t\t\t\t\t\t\t\t\t<input size=\"1\" type=\"text\" name=\"form_fields[email]\" id=\"form-field-email\" class=\"elementor-field elementor-size-sm  elementor-field-textual\" placeholder=\"Apellido\" required=\"required\" aria-required=\"true\">\n\t\t\t\t\t\t\t\t\t\t\t<\/div>\n\t\t\t\t\t\t\t\t<div class=\"elementor-field-type-number elementor-field-group elementor-column elementor-field-group-field_11a9681 elementor-col-50 elementor-field-required\">\n\t\t\t\t\t\t\t\t\t\t\t\t<label for=\"form-field-field_11a9681\" class=\"elementor-field-label\">\n\t\t\t\t\t\t\t\tPhone\t\t\t\t\t\t\t<\/label>\n\t\t\t\t\t\t\t\t\t<input type=\"number\" name=\"form_fields[field_11a9681]\" id=\"form-field-field_11a9681\" class=\"elementor-field elementor-size-sm  elementor-field-textual\" placeholder=\"Telefono\" required=\"required\" aria-required=\"true\" min=\"\" max=\"\" >\n\t\t\t\t\t\t<\/div>\n\t\t\t\t\t\t\t\t<div class=\"elementor-field-type-email elementor-field-group elementor-column elementor-field-group-field_aaeaf41 elementor-col-50 elementor-field-required\">\n\t\t\t\t\t\t\t\t\t\t\t\t<label for=\"form-field-field_aaeaf41\" class=\"elementor-field-label\">\n\t\t\t\t\t\t\t\tEmail\t\t\t\t\t\t\t<\/label>\n\t\t\t\t\t\t\t\t\t\t\t\t\t\t<input size=\"1\" type=\"email\" name=\"form_fields[field_aaeaf41]\" id=\"form-field-field_aaeaf41\" class=\"elementor-field elementor-size-sm  elementor-field-textual\" placeholder=\"Email\" required=\"required\" aria-required=\"true\">\n\t\t\t\t\t\t\t\t\t\t\t<\/div>\n\t\t\t\t\t\t\t\t<div class=\"elementor-field-type-textarea elementor-field-group elementor-column elementor-field-group-message elementor-col-100\">\n\t\t\t\t\t\t\t\t\t\t\t\t<label for=\"form-field-message\" class=\"elementor-field-label\">\n\t\t\t\t\t\t\t\tHow can we help you?\t\t\t\t\t\t\t<\/label>\n\t\t\t\t\t\t<textarea class=\"elementor-field-textual elementor-field  elementor-size-sm\" name=\"form_fields[message]\" id=\"form-field-message\" rows=\"4\" placeholder=\"Write your inquiry here\"><\/textarea>\t\t\t\t<\/div>\n\t\t\t\t\t\t\t\t<div class=\"elementor-field-type-acceptance elementor-field-group elementor-column elementor-field-group-field_11b151e elementor-col-100 elementor-field-required\">\n\t\t\t\t\t\t\t<div class=\"elementor-field-subgroup\">\n\t\t\t<span class=\"elementor-field-option\">\n\t\t\t\t<input type=\"checkbox\" name=\"form_fields[field_11b151e]\" id=\"form-field-field_11b151e\" class=\"elementor-field elementor-size-sm  elementor-acceptance-field\" required=\"required\" aria-required=\"true\">\n\t\t\t\t<label for=\"form-field-field_11b151e\">I have read and accept <a href=\"https:\/\/tennisyou.com\/en\/politicas-de-privacidad\/\" > the privacy policies <\/a><\/label>\t\t\t<\/span>\n\t\t<\/div>\n\t\t\t\t\t\t<\/div>\n\t\t\t\t\t\t\t\t<div class=\"elementor-field-type-recaptcha_v3 elementor-field-group elementor-column elementor-field-group-field_abaccf6 elementor-col-100 recaptcha_v3-bottomright\">\n\t\t\t\t\t<div class=\"elementor-field\" id=\"form-field-field_abaccf6\"><div class=\"elementor-g-recaptcha\" data-sitekey=\"6LeWQ3kqAAAAAKTux0d3DU49qyIcXbVL38BC7_rY\" data-type=\"v3\" data-action=\"Form\" data-badge=\"bottomright\" data-size=\"invisible\"><\/div><\/div>\t\t\t\t<\/div>\n\t\t\t\t\t\t\t\t<div class=\"elementor-field-group elementor-column elementor-field-type-submit elementor-col-100 e-form__buttons\">\n\t\t\t\t\t<button class=\"elementor-button elementor-size-sm\" type=\"submit\">\n\t\t\t\t\t\t<span class=\"elementor-button-content-wrapper\">\n\t\t\t\t\t\t\t\t\t\t\t\t\t\t\t\t\t\t\t\t\t\t<span class=\"elementor-button-text\">Send<\/span>\n\t\t\t\t\t\t\t\t\t\t\t\t\t<\/span>\n\t\t\t\t\t<\/button>\n\t\t\t\t<\/div>\n\t\t\t<\/div>\n\t\t<input type=\"hidden\" name=\"trp-form-language\" value=\"en\"\/><\/form>\n\t\t\t\t<\/div>\n\t\t\t\t<\/div>\n\t\t\t\t<\/div>\n\t\t<div class=\"elementor-element elementor-element-2ee92a57 e-con-full e-flex e-con e-child\" data-id=\"2ee92a57\" data-element_type=\"container\">\n\t\t\t\t<div class=\"elementor-element elementor-element-400fc149 elementor-widget elementor-widget-image\" data-id=\"400fc149\" data-element_type=\"widget\" data-widget_type=\"image.default\">\n\t\t\t\t<div class=\"elementor-widget-container\">\n\t\t\t\t\t\t\t\t\t\t\t\t\t<img loading=\"lazy\" decoding=\"async\" width=\"598\" height=\"658\" src=\"https:\/\/tennisyou.com\/wp-content\/uploads\/2024\/09\/Rectangle-87.png\" class=\"attachment-large size-large wp-image-190\" alt=\"\" srcset=\"https:\/\/tennisyou.com\/wp-content\/uploads\/2024\/09\/Rectangle-87.png 598w, https:\/\/tennisyou.com\/wp-content\/uploads\/2024\/09\/Rectangle-87-273x300.png 273w\" sizes=\"(max-width: 598px) 100vw, 598px\" \/>\t\t\t\t\t\t\t\t\t\t\t\t\t<\/div>\n\t\t\t\t<\/div>\n\t\t<div class=\"elementor-element elementor-element-34763a63 e-con-full e-flex e-con e-child\" data-id=\"34763a63\" data-element_type=\"container\">\n\t\t<div class=\"elementor-element elementor-element-7f70591 e-con-full e-flex e-con e-child\" data-id=\"7f70591\" data-element_type=\"container\">\n\t\t\t\t<div class=\"elementor-element elementor-element-2ad30ac9 elementor-icon-list--layout-traditional elementor-list-item-link-full_width elementor-widget elementor-widget-icon-list\" data-id=\"2ad30ac9\" data-element_type=\"widget\" data-widget_type=\"icon-list.default\">\n\t\t\t\t<div class=\"elementor-widget-container\">\n\t\t\t\t\t<ul class=\"elementor-icon-list-items\">\n\t\t\t\t\t\t\t<li class=\"elementor-icon-list-item\">\n\t\t\t\t\t\t\t\t\t\t\t<a href=\"tel:0034647513453\">\n\n\t\t\t\t\t\t\t\t\t\t\t\t<span class=\"elementor-icon-list-icon\">\n\t\t\t\t\t\t\t<svg aria-hidden=\"true\" class=\"e-font-icon-svg e-fas-phone-alt\" viewbox=\"0 0 512 512\" xmlns=\"http:\/\/www.w3.org\/2000\/svg\"><path d=\"M497.39 361.8l-112-48a24 24 0 0 0-28 6.9l-49.6 60.6A370.66 370.66 0 0 1 130.6 204.11l60.6-49.6a23.94 23.94 0 0 0 6.9-28l-48-112A24.16 24.16 0 0 0 122.6.61l-104 24A24 24 0 0 0 0 48c0 256.5 207.9 464 464 464a24 24 0 0 0 23.4-18.6l24-104a24.29 24.29 0 0 0-14.01-27.6z\"><\/path><\/svg>\t\t\t\t\t\t<\/span>\n\t\t\t\t\t\t\t\t\t\t<span class=\"elementor-icon-list-text\">+34 647 51 34 53<\/span>\n\t\t\t\t\t\t\t\t\t\t\t<\/a>\n\t\t\t\t\t\t\t\t\t<\/li>\n\t\t\t\t\t\t<\/ul>\n\t\t\t\t<\/div>\n\t\t\t\t<\/div>\n\t\t\t\t<\/div>\n\t\t<div class=\"elementor-element elementor-element-744dba3 e-con-full e-flex e-con e-child\" data-id=\"744dba3\" data-element_type=\"container\">\n\t\t\t\t<div class=\"elementor-element elementor-element-1afbd0bf elementor-icon-list--layout-inline elementor-tablet-align-center elementor-list-item-link-full_width elementor-widget elementor-widget-icon-list\" data-id=\"1afbd0bf\" data-element_type=\"widget\" data-widget_type=\"icon-list.default\">\n\t\t\t\t<div class=\"elementor-widget-container\">\n\t\t\t\t\t<ul class=\"elementor-icon-list-items elementor-inline-items\">\n\t\t\t\t\t\t\t<li class=\"elementor-icon-list-item elementor-inline-item\">\n\t\t\t\t\t\t\t\t\t\t\t<a href=\"mailto:tomy@tennisyou.com\">\n\n\t\t\t\t\t\t\t\t\t\t\t\t<span class=\"elementor-icon-list-icon\">\n\t\t\t\t\t\t\t<svg aria-hidden=\"true\" class=\"e-font-icon-svg e-fas-envelope\" viewbox=\"0 0 512 512\" xmlns=\"http:\/\/www.w3.org\/2000\/svg\"><path d=\"M502.3 190.8c3.9-3.1 9.7-.2 9.7 4.7V400c0 26.5-21.5 48-48 48H48c-26.5 0-48-21.5-48-48V195.6c0-5 5.7-7.8 9.7-4.7 22.4 17.4 52.1 39.5 154.1 113.6 21.1 15.4 56.7 47.8 92.2 47.6 35.7.3 72-32.8 92.3-47.6 102-74.1 131.6-96.3 154-113.7zM256 320c23.2.4 56.6-29.2 73.4-41.4 132.7-96.3 142.8-104.7 173.4-128.7 5.8-4.5 9.2-11.5 9.2-18.9v-19c0-26.5-21.5-48-48-48H48C21.5 64 0 85.5 0 112v19c0 7.4 3.4 14.3 9.2 18.9 30.6 23.9 40.7 32.4 173.4 128.7 16.8 12.2 50.2 41.8 73.4 41.4z\"><\/path><\/svg>\t\t\t\t\t\t<\/span>\n\t\t\t\t\t\t\t\t\t\t<span class=\"elementor-icon-list-text\">tomy@tennisyou.com<\/span>\n\t\t\t\t\t\t\t\t\t\t\t<\/a>\n\t\t\t\t\t\t\t\t\t<\/li>\n\t\t\t\t\t\t<\/ul>\n\t\t\t\t<\/div>\n\t\t\t\t<\/div>\n\t\t\t\t<\/div>\n\t\t\t\t<\/div>\n\t\t\t\t<\/div>\n\t\t\t\t\t<\/div>\n\t\t\t\t<\/div>\n\t\t\t\t<\/div>\n\t\t\t\t<\/div>\n\t\t\t\t<\/div>\n\t\t\t\t<\/div>\n\t\t\t\t<\/div>\n\t\t\t\t<\/div>","protected":false},"excerpt":{"rendered":"<p>PR\u00d3XIMOS EVENTOS Encuentra las pr\u00f3ximas actividades a realizar por TENNIS YOU as\u00ed como toda la informaci\u00f3n sobre las fechas y forma de inscripci\u00f3n para que puedas unirte a nosotros. \u00a1ESTATE ATENTO! PR\u00d3XIMOS EVENTOS En Pr\u00f3ximos Eventos podr\u00e1s encontrar torneos, conferencias y dem\u00e1s acciones, que se realizar\u00e1n a lo largo del a\u00f1o con la informaci\u00f3n del [&hellip;]<\/p>","protected":false},"author":1,"featured_media":0,"parent":0,"menu_order":0,"comment_status":"closed","ping_status":"closed","template":"elementor_header_footer","meta":{"footnotes":""},"class_list":["post-292","page","type-page","status-publish","hentry"],"_links":{"self":[{"href":"https:\/\/tennisyou.com\/en\/wp-json\/wp\/v2\/pages\/292","targetHints":{"allow":["GET"]}}],"collection":[{"href":"https:\/\/tennisyou.com\/en\/wp-json\/wp\/v2\/pages"}],"about":[{"href":"https:\/\/tennisyou.com\/en\/wp-json\/wp\/v2\/types\/page"}],"author":[{"embeddable":true,"href":"https:\/\/tennisyou.com\/en\/wp-json\/wp\/v2\/users\/1"}],"replies":[{"embeddable":true,"href":"https:\/\/tennisyou.com\/en\/wp-json\/wp\/v2\/comments?post=292"}],"version-history":[{"count":53,"href":"https:\/\/tennisyou.com\/en\/wp-json\/wp\/v2\/pages\/292\/revisions"}],"predecessor-version":[{"id":766,"href":"https:\/\/tennisyou.com\/en\/wp-json\/wp\/v2\/pages\/292\/revisions\/766"}],"wp:attachment":[{"href":"https:\/\/tennisyou.com\/en\/wp-json\/wp\/v2\/media?parent=292"}],"curies":[{"name":"wp","href":"https:\/\/api.w.org\/{rel}","templated":true}]}}